{"id":843,"date":"2009-02-24T22:35:39","date_gmt":"2009-02-24T20:35:39","guid":{"rendered":"http:\/\/www.heibel-unplugged.de\/?page_id=843"},"modified":"2016-05-11T20:22:24","modified_gmt":"2016-05-11T19:22:24","slug":"autoren","status":"publish","type":"page","link":"https:\/\/www.heibel-ticker.de\/blog\/autoren\/","title":{"rendered":"Autoren"},"content":{"rendered":"<p>Werthaltige Informationen finden Sie auf den Seiten von Heibel-Unplugged. Durch die Beitr\u00e4ge von einer Reihe von Fachautoren bieten wir ein im Netz einmaliges Angebot an Fachartikeln und Kommentaren. Die auf Heibel-Unplugged ver\u00f6ffentlichten Artikel werden speziell und ausschlie\u00dflich f\u00fcr uns erstellt.<\/p>\n<p class=\"autoright\">W\u00f6chentlicher gratis B\u00f6rsenbrief mit Analysen und Empfehlungen zu den internationalen Finanzm\u00e4rkten.<\/p>\n<p class=\"autoleft\"><a class=\"alignleft\" href=\"http:\/\/www.heibel-ticker.de\"><img decoding=\"async\" class=\"size-full wp-image-875\" title=\"heibelticker\" src=\"http:\/\/www.heibel-unplugged.de\/UserFiles\/Image\/heibelticker.jpg\" alt=\"Heibel-Ticker.de\" width=\"280\" height=\"57\" \/><\/a><\/p>\n<p class=\"border\">\n<p class=\"autoright\">Gutes Aktienforum, auf dem \u00fcberpr\u00fcft wird, welche Aktientipps tats\u00e4chlich eintreffen.<\/p>\n<p class=\"autoleft\"><a class=\"alignleft\" href=\"http:\/\/www.sharewise.com\" rel=\"nofollow noopener\" target=\"_blank\"><img decoding=\"async\" class=\"size-full wp-image-875\" title=\"sharewise\" src=\"http:\/\/www.heibel-unplugged.de\/UserFiles\/Image\/sharewise.png\" alt=\"Sharewise.com\" width=\"280\" height=\"57\" \/><\/a><\/p>\n<p class=\"border\">\n<p class=\"autoright\">Kommentierung aktueller Unternehmensmeldungen von professionellen Analysten.<\/p>\n<p class=\"autoleft\"><a class=\"alignleft\" href=\"http:\/\/www.aktien-meldungen.de\" rel=\"nofollow noopener\" target=\"_blank\"><img decoding=\"async\" class=\"size-full wp-image-879\" title=\"aktienmeldungen\" src=\"http:\/\/www.heibel-unplugged.de\/UserFiles\/Image\/aktienmeldungen.jpg\" alt=\"Aktien-Meldungen.de\" width=\"274\" height=\"54\" \/><\/a><\/p>\n<p class=\"border\">\n<p><strong>Netzwerk<\/strong><\/p>\n<p>Unsere Autoren pflegen ein Netzwerk an Kontakten und schreiben Artikel f\u00fcr eine ganze Reihe von Informationsdiensten. Hier eine kleine Auswahl der Kooperationspartner.<\/p>\n<p class=\"autoright\">animusX\u00ae &#8211; Investors Sentiment z\u00e4hlt zu den f\u00fchrenden Anbietern in Deutschland rund um das Thema Technische Analyse gepaart mit Sentiment und Behavioral Finance.<\/p>\n<p><a class=\"alignleft\" href=\"http:\/\/www.animusX.de\" rel=\"nofollow noopener\" target=\"_blank\"><img decoding=\"async\" class=\"size-full wp-image-873\" title=\"Traderfox\" src=\"http:\/\/www.heibel-unplugged.de\/UserFiles\/Image\/Logo_animusX.jpg\" alt=\"animusX.de\" width=\"230\" height=\"58\" \/><\/a><\/p>\n<p class=\"border\">\n<p class=\"autoright\">\n<p><a class=\"alignleft\" href=\"http:\/\/www.aktienboard.de\" rel=\"nofollow noopener\" target=\"_blank\"><img decoding=\"async\" class=\"size-full wp-image-873\" title=\"Aktienboard\" src=\"http:\/\/www.heibel-unplugged.de\/UserFiles\/Image\/Aktienboard.gif\" alt=\"Aktienboard.de\" width=\"230\" height=\"58\" \/><\/a><\/p>\n<p class=\"border\">\n<p class=\"autoright\">Zweiw\u00f6chentlich wird hier eine Wunschanalyse ver\u00f6ffentlicht. Die Seite zeichnet sich durch ein einzigartiges Bewertungssystem f\u00fcr B\u00f6rsenbriefe aus.<\/p>\n<p><a target=\"_blank\" href=\"http:\/\/www.lettertest.de\/boersenbriefe\/heibel-ticker\" title=\"Heibel-Ticker bewerten\" rel=\"nofollow noopener\"><img decoding=\"async\" src=\"http:\/\/www.lettertest.de\/siegel\/3\/heibel-ticker\" width=\"120\" title=\"Heibel-Ticker G\u00fctesiegel\" alt=\"\"><\/a><\/p>\n<p class=\"border\">\n<p class=\"autoright\">Ausgew\u00e4hlte Kolumnen und interessante Blogs finden Sie bei unserem Partner Tradingtrends.de.<\/p>\n<p><a class=\"alignleft\" href=\"http:\/\/www.tradingtrends.de\" rel=\"nofollow noopener\" target=\"_blank\"><img decoding=\"async\" class=\"size-full wp-image-873\" title=\"Tradingtrends\" src=\"http:\/\/www.heibel-unplugged.de\/UserFiles\/Image\/Tradingtrends.jpg\" alt=\"Tradingtrends.de\" width=\"230\" height=\"58\" \/><\/a><\/p>\n<p class=\"border\">\n<p class=\"autoright\"><a href=\"http:\/\/www.aspect-online.de\/\" target=\"_blank\" rel=\"nofollow noopener\">Informationen zu Banken und Versicherungen<\/a>. Unl\u00e4ngst hat Aspect-Online ein <a href=\"http:\/\/www.aspect-online.de\/finanztipps\/finanzkrise-6-kaufen-sie-aktien-aus-resistenten-branchen-gold-und-immobilien-06032009.htm\" rel=\"nofollow noopener\" target=\"_blank\">Interview<\/a> mit Herrn Heibel ver\u00f6ffentlicht.<\/p>\n<p><a class=\"alignleft\" href=\"http:\/\/www.aspect-online.de\" rel=\"nofollow noopener\" target=\"_blank\"><img decoding=\"async\" class=\"size-full wp-image-873\" title=\"ASPECT-online\" src=\"http:\/\/www.heibel-unplugged.de\/UserFiles\/Image\/ASPECT-online.jpg\" alt=\"ASPECT-online.de\" width=\"230\" height=\"58\" \/><\/a><\/p>\n<p class=\"border\">\n<p><strong>Werden Sie Autor!<\/strong><\/p>\n<p>F\u00fcr weitere Autoren und Kooperationen, die aktuelle Meldungen mit entsprechendem Fachwissen zeitnah aufarbeiten k\u00f6nnen, sind wir offen. Wenn Sie also \u00fcber Fachwissen in der Finanzwelt verf\u00fcgen und je nach Ereignis Artikel auf Heibel-Unplugged ver\u00f6ffentlichen wollen, dann kontaktieren Sie uns bitte unter Angabe der folgenden Informationen:<\/p>\n<p>Ihre Kontaktdaten, Ausbildung und aktuelle T\u00e4tigkeit sowie Angabe des Themenbereiches, den Sie abdecken wollen.<\/p>\n[contact-form 1 &#8222;Kontaktformular 1&#8220;]\n","protected":false},"excerpt":{"rendered":"<p>Werthaltige Informationen finden Sie auf den Seiten von Heibel-Unplugged. Durch die Beitr\u00e4ge von einer Reihe von Fachautoren bieten wir ein im Netz einmaliges Angebot an Fachartikeln und Kommentaren. Die auf Heibel-Unplugged ver\u00f6ffentlichten Artikel werden speziell und ausschlie\u00dflich f\u00fcr uns erstellt. W\u00f6chentlicher gratis B\u00f6rsenbrief mit Analysen und Empfehlungen zu den internationalen Finanzm\u00e4rkten. Gutes Aktienforum, auf dem [&hellip;]<\/p>\n","protected":false},"author":1,"featured_media":0,"parent":0,"menu_order":0,"comment_status":"open","ping_status":"open","template":"","meta":{"footnotes":""},"class_list":["post-843","page","type-page","status-publish","hentry"],"_links":{"self":[{"href":"https:\/\/www.heibel-ticker.de\/blog\/wp-json\/wp\/v2\/pages\/843","targetHints":{"allow":["GET"]}}],"collection":[{"href":"https:\/\/www.heibel-ticker.de\/blog\/wp-json\/wp\/v2\/pages"}],"about":[{"href":"https:\/\/www.heibel-ticker.de\/blog\/wp-json\/wp\/v2\/types\/page"}],"author":[{"embeddable":true,"href":"https:\/\/www.heibel-ticker.de\/blog\/wp-json\/wp\/v2\/users\/1"}],"replies":[{"embeddable":true,"href":"https:\/\/www.heibel-ticker.de\/blog\/wp-json\/wp\/v2\/comments?post=843"}],"version-history":[{"count":0,"href":"https:\/\/www.heibel-ticker.de\/blog\/wp-json\/wp\/v2\/pages\/843\/revisions"}],"wp:attachment":[{"href":"https:\/\/www.heibel-ticker.de\/blog\/wp-json\/wp\/v2\/media?parent=843"}],"curies":[{"name":"wp","href":"https:\/\/api.w.org\/{rel}","templated":true}]}}